{"id":3852,"date":"2024-10-24T13:40:04","date_gmt":"2024-10-24T13:40:04","guid":{"rendered":"https:\/\/ziyatalha.com.tr\/%d8%a7%d8%aa%d8%b5%d8%a7%d9%84\/"},"modified":"2025-09-18T09:25:52","modified_gmt":"2025-09-18T09:25:52","slug":"%d8%a7%d8%aa%d8%b5%d8%a7%d9%84","status":"publish","type":"page","link":"https:\/\/ziyatalha.com.tr\/ar\/%d8%a7%d8%aa%d8%b5%d8%a7%d9%84\/","title":{"rendered":"\u0627\u062a\u0635\u0627\u0644"},"content":{"rendered":"\t\t<div data-elementor-type=\"wp-page\" data-elementor-id=\"3852\" class=\"elementor elementor-3852 elementor-3053\" data-elementor-post-type=\"page\">\n\t\t\t\t<div class=\"elementor-element elementor-element-2440a96 e-flex e-con-boxed sc_layouts_column_icons_position_left e-con e-parent\" data-id=\"2440a96\" data-element_type=\"container\">\n\t\t\t\t\t<div class=\"e-con-inner\">\n\t\t\t\t<div data-animation-type=\"block\" class=\"elementor-element elementor-element-3903401 animation_type_block sc_fly_static elementor-invisible elementor-widget elementor-widget-heading\" data-id=\"3903401\" data-element_type=\"widget\" data-settings=\"{&quot;_animation&quot;:&quot;ta_fadeinup&quot;}\" data-widget_type=\"heading.default\">\n\t\t\t\t<div class=\"elementor-widget-container\">\n\t\t\t\t\t<h6 class=\"elementor-heading-title elementor-size-default\">\u0647\u0644 \u0644\u062f\u064a\u0643 \u0623\u0633\u0626\u0644\u0629\u061f<\/h6>\t\t\t\t<\/div>\n\t\t\t\t<\/div>\n\t\t<div class=\"elementor-element elementor-element-93639b1 e-con-full e-flex sc_layouts_column_icons_position_left e-con e-child\" data-id=\"93639b1\" data-element_type=\"container\">\n\t\t<div data-animation-type=\"block\" class=\"elementor-element elementor-element-baa98c2 e-con-full e-flex sc_layouts_column_icons_position_left animation_type_block elementor-invisible e-con e-child\" data-id=\"baa98c2\" data-element_type=\"container\" data-settings=\"{&quot;animation&quot;:&quot;ta_fadeinup&quot;}\">\n\t\t\t\t<div class=\"elementor-element elementor-element-86d6bf5 sc_fly_static elementor-widget elementor-widget-image\" data-id=\"86d6bf5\" data-element_type=\"widget\" data-widget_type=\"image.default\">\n\t\t\t\t<div class=\"elementor-widget-container\">\n\t\t\t\t\t\t\t\t\t\t\t\t\t\t\t<img decoding=\"async\" width=\"190\" height=\"80\" src=\"https:\/\/ziyatalha.com.tr\/wp-content\/uploads\/2025\/08\/ztpharma-ziyatalhailacsanayi.png\" class=\"attachment-large size-large wp-image-3660\" alt=\"\" \/>\t\t\t\t\t\t\t\t\t\t\t\t\t\t\t<\/div>\n\t\t\t\t<\/div>\n\t\t\t\t<div class=\"elementor-element elementor-element-6376e5e elementor-widget__width-initial sc_fly_static elementor-widget elementor-widget-heading\" data-id=\"6376e5e\" data-element_type=\"widget\" data-widget_type=\"heading.default\">\n\t\t\t\t<div class=\"elementor-widget-container\">\n\t\t\t\t\t<h1 class=\"elementor-heading-title elementor-size-default\">\u0627\u0643\u062a\u0628 \u0644\u0646\u0627<\/h1>\t\t\t\t<\/div>\n\t\t\t\t<\/div>\n\t\t\t\t<div class=\"elementor-element elementor-element-6c0e4ae elementor-widget__width-initial sc_fly_static elementor-widget elementor-widget-text-editor\" data-id=\"6c0e4ae\" data-element_type=\"widget\" data-widget_type=\"text-editor.default\">\n\t\t\t\t<div class=\"elementor-widget-container\">\n\t\t\t\t\t\t\t\t\t<p>\u0646\u062d\u0646 \u0647\u0646\u0627 \u0644\u0645\u0633\u0627\u0639\u062f\u062a\u0643 \u0641\u064a \u0623\u064a \u0627\u0633\u062a\u0641\u0633\u0627\u0631. \u0644\u0627 \u062a\u062a\u0631\u062f\u062f \u0641\u064a \u0627\u0644\u0627\u062a\u0635\u0627\u0644 \u0628\u0646\u0627 \u0641\u064a \u0623\u064a \u0648\u0642\u062a. <\/p>\t\t\t\t\t\t\t\t<\/div>\n\t\t\t\t<\/div>\n\t\t\t\t<div class=\"elementor-element elementor-element-0a463b8 trx-addons-icon-list-traditional elementor-list-item-link-inline trx-addons-icon-left sc_fly_static elementor-widget elementor-widget-trx_elm_icon_list\" data-id=\"0a463b8\" data-element_type=\"widget\" data-widget_type=\"trx_elm_icon_list.default\">\n\t\t\t\t<div class=\"elementor-widget-container\">\n\t\t\t\t\t\t\t<div class=\"trx-addons-list-container\">\n\t\t\t<ul class=\"trx-addons-list-items\">\n\t\t\t\t\t\t\t\t\t\t\t\t\t\t\t\t\t\t\t\t\t<li class=\"trx-addons-icon-list-item trx-addons-icon-list-item-without-link elementor-repeater-item-2039fe8\">\n\t\t\t\t\t\t\t\t\t\t<span class=\"trx-addons-icon-wrapper\">\n\t\t\t\t\t\t\t\t\t\t<span class=\"trx-addons-icon-list-icon trx-addons-icon \">\n\t\t\t\t\t\t<svg xmlns=\"http:\/\/www.w3.org\/2000\/svg\" viewBox=\"0 0 17.11 19.63\"><path class=\"cls-1\" d=\"M8.56,11.78c-1.94,0-3.51-1.57-3.51-3.51s1.57-3.51,3.51-3.51,3.51,1.57,3.51,3.51-1.58,3.51-3.51,3.51Zm0-5.72c-1.22,0-2.21,.99-2.21,2.21s.99,2.21,2.21,2.21,2.21-.99,2.21-2.21-.99-2.21-2.21-2.21Z\"><\/path><path class=\"cls-1\" d=\"M8.56,19.63c-1.35,0-2.7-.51-3.76-1.52C2.1,15.52-.88,11.39,.24,6.46H.24C1.26,2,5.15,0,8.55,0h0c3.41,0,7.3,2,8.31,6.46,1.12,4.93-1.87,9.06-4.57,11.65-1.05,1.01-2.4,1.52-3.75,1.52ZM1.51,6.74c-.98,4.34,1.74,8.07,4.19,10.43,1.6,1.54,4.11,1.54,5.71,0,2.46-2.36,5.18-6.08,4.2-10.43-.91-4.02-4.37-5.45-7.05-5.45h0C5.87,1.3,2.42,2.73,1.51,6.74h0Z\"><\/path><\/svg><\/span>\t\t\t<\/span>\n\t\t\t\t\t\t\t\t\t\t<p class=\"trx-addons-icon-list-text\">\n\t\t\t\t\t\t\t\t\u062d\u064a \u0641\u0631\u062d\u0627\u062a \u0628\u0627\u0634\u0627\u060c \u0634\u0627\u0631\u0639 \u0645\u0627\u0631\u0634\u0627\u0644 \u0641\u0648\u0632\u064a \u062a\u0634\u0627\u0643\u0645\u0627\u0643 \u0631\u0642\u0645: 127\u060c 34888 \u0623\u062a\u0627\u0634\u0647\u064a\u0631\/\u0625\u0633\u0637\u0646\u0628\u0648\u0644 \t\t\t\t\t\t\t<\/p>\n\t\t\t\t\t\t\t\t\t\t\t\t\t<\/li>\n\t\t\t\t\t\t\t\t\t\t\t\t\t<\/ul>\n\t\t<\/div>\n\t\t\t\t\t\t<\/div>\n\t\t\t\t<\/div>\n\t\t\t\t<div class=\"elementor-element elementor-element-74c1c82 trx-addons-icon-list-traditional elementor-list-item-link-inline trx-addons-icon-left sc_fly_static elementor-widget elementor-widget-trx_elm_icon_list\" data-id=\"74c1c82\" data-element_type=\"widget\" data-widget_type=\"trx_elm_icon_list.default\">\n\t\t\t\t<div class=\"elementor-widget-container\">\n\t\t\t\t\t\t\t<div class=\"trx-addons-list-container\">\n\t\t\t<ul class=\"trx-addons-list-items\">\n\t\t\t\t\t\t\t\t\t\t\t\t\t\t\t\t\t\t\t\t\t<li class=\"trx-addons-icon-list-item trx-addons-icon-list-item-with-link elementor-repeater-item-2039fe8\">\n\t\t\t\t\t\t\t\t\t\t\t\t\t\t\t<a href=\"tel:18408412569\">\n\t\t\t\t\t\t\t\t\t\t\t<span class=\"trx-addons-icon-wrapper\">\n\t\t\t\t\t\t\t\t\t\t<span class=\"trx-addons-icon-list-icon trx-addons-icon \">\n\t\t\t\t\t\t<svg xmlns=\"http:\/\/www.w3.org\/2000\/svg\" viewBox=\"0 0 15.3 20.3\"><path d=\"M10.27,20.3H5.02c-3.85,0-5.02-1.26-5.02-5.4V5.4C0,1.26,1.17,0,5.02,0h5.25c3.85,0,5.03,1.26,5.03,5.4V14.9c0,4.14-1.17,5.4-5.03,5.4ZM5.02,1.3C1.89,1.3,1.3,1.95,1.3,5.4V14.9c0,3.45,.59,4.1,3.73,4.1h5.25c3.13,0,3.72-.65,3.72-4.1V5.4c0-3.45-.59-4.1-3.72-4.1H5.02Z\"><\/path><path d=\"M9.4,4.62h-3.5c-.36,0-.65-.29-.65-.65s.29-.65,.65-.65h3.5c.36,0,.65,.29,.65,.65s-.29,.65-.65,.65Z\"><\/path><path d=\"M7.65,17.55c-1.11,0-2.01-.95-2.01-2.12s.9-2.12,2.01-2.12,2.01,.95,2.01,2.12-.9,2.12-2.01,2.12Zm0-2.95c-.39,0-.71,.37-.71,.82s.32,.82,.71,.82,.71-.37,.71-.82-.32-.82-.71-.82Z\"><\/path><\/svg><\/span>\t\t\t<\/span>\n\t\t\t\t\t\t\t\t\t\t<h6 class=\"trx-addons-icon-list-text\">\n\t\t\t\t\t\t\t\t+90216 206 04 56\t\t\t\t\t\t\t<\/h6>\n\t\t\t\t\t\t\t\t\t\t\t\t\t\t\t<\/a>\n\t\t\t\t\t\t\t\t\t\t\t\t\t\t<\/li>\n\t\t\t\t\t\t\t\t\t\t\t\t\t<\/ul>\n\t\t<\/div>\n\t\t\t\t\t\t<\/div>\n\t\t\t\t<\/div>\n\t\t\t\t<div class=\"elementor-element elementor-element-6bcb642 trx-addons-icon-list-traditional elementor-list-item-link-inline trx-addons-icon-left sc_fly_static elementor-widget elementor-widget-trx_elm_icon_list\" data-id=\"6bcb642\" data-element_type=\"widget\" data-widget_type=\"trx_elm_icon_list.default\">\n\t\t\t\t<div class=\"elementor-widget-container\">\n\t\t\t\t\t\t\t<div class=\"trx-addons-list-container\">\n\t\t\t<ul class=\"trx-addons-list-items\">\n\t\t\t\t\t\t\t\t\t\t\t\t\t\t\t\t\t\t\t\t\t<li class=\"trx-addons-icon-list-item trx-addons-icon-list-item-with-link elementor-repeater-item-2039fe8\">\n\t\t\t\t\t\t\t\t\t\t\t\t\t\t\t<a href=\"mailto:info@email.com\">\n\t\t\t\t\t\t\t\t\t\t\t<span class=\"trx-addons-icon-wrapper\">\n\t\t\t\t\t\t\t\t\t\t<span class=\"trx-addons-icon-list-icon trx-addons-icon \">\n\t\t\t\t\t\t<svg xmlns=\"http:\/\/www.w3.org\/2000\/svg\" width=\"24\" height=\"21\" viewBox=\"0 0 17.893 15.383\"><g transform=\"translate(-893 -536)\"><path d=\"M4.833.316h8.333A4.867,4.867,0,0,1,16.6,1.466a4.715,4.715,0,0,1,1.338,3.617v5.833A4.715,4.715,0,0,1,16.6,14.533a4.867,4.867,0,0,1-3.429,1.15H4.833A4.867,4.867,0,0,1,1.4,14.533,4.715,4.715,0,0,1,.066,10.916V5.083A4.715,4.715,0,0,1,1.4,1.466,4.867,4.867,0,0,1,4.833.316Zm8.333,14.167a3.725,3.725,0,0,0,2.613-.829,3.582,3.582,0,0,0,.954-2.737V5.083a3.582,3.582,0,0,0-.954-2.737,3.725,3.725,0,0,0-2.613-.829H4.833a3.725,3.725,0,0,0-2.613.829,3.582,3.582,0,0,0-.954,2.737v5.833a3.582,3.582,0,0,0,.954,2.737,3.725,3.725,0,0,0,2.613.829Z\" transform=\"translate(892.945 535.692)\"><\/path><path d=\"M12,12.835a3.731,3.731,0,0,1-2.323-.772l-3.122-2.5a.72.72,0,1,1,.9-1.124l3.12,2.5a2.434,2.434,0,0,0,2.851,0l3.129-2.5a.72.72,0,0,1,.9,1.125l-3.13,2.5A3.731,3.731,0,0,1,12,12.835Z\" transform=\"translate(889.942 533.134)\"><\/path><\/g><\/svg><\/span>\t\t\t<\/span>\n\t\t\t\t\t\t\t\t\t\t<p class=\"trx-addons-icon-list-text\">\n\t\t\t\t\t\t\t\tinfo@ziyatalha.com.tr\t\t\t\t\t\t\t<\/p>\n\t\t\t\t\t\t\t\t\t\t\t\t\t\t\t<\/a>\n\t\t\t\t\t\t\t\t\t\t\t\t\t\t<\/li>\n\t\t\t\t\t\t\t\t\t\t\t\t\t<\/ul>\n\t\t<\/div>\n\t\t\t\t\t\t<\/div>\n\t\t\t\t<\/div>\n\t\t\t\t<\/div>\n\t\t<div data-animation-type=\"block\" class=\"elementor-element elementor-element-cdbb09a e-con-full e-flex sc_layouts_column_icons_position_left animation_type_block elementor-invisible e-con e-child\" data-id=\"cdbb09a\" data-element_type=\"container\" data-settings=\"{&quot;animation&quot;:&quot;ta_fadeinup&quot;,&quot;animation_delay&quot;:100}\">\n\t\t\t\t<div class=\"elementor-element elementor-element-99ae7c7 sc_fly_static elementor-widget elementor-widget-metform\" data-id=\"99ae7c7\" data-element_type=\"widget\" data-widget_type=\"metform.default\">\n\t\t\t\t<div class=\"elementor-widget-container\">\n\t\t\t\t\t<div id=\"mf-response-props-id-2192\" data-previous-steps-style=\"\" data-editswitchopen=\"\" data-response_type=\"alert\" data-erroricon=\"fas fa-exclamation-triangle\" data-successicon=\"fas fa-check\" data-messageposition=\"top\" class=\"   mf-scroll-top-no\">\n\t\t<div class=\"formpicker_warper formpicker_warper_editable\" data-metform-formpicker-key=\"2192\" >\n\t\t\t\t\n\t\t\t<div class=\"mf-widget-container\">\n\t\t\t\t\r\n\t\t<div\r\n\t\t\tid=\"metform-wrap-99ae7c7-2192\"\r\n\t\t\tclass=\"mf-form-wrapper\"\r\n\t\t\tdata-form-id=\"2192\"\r\n\t\t\tdata-action=\"https:\/\/ziyatalha.com.tr\/ar\/wp-json\/metform\/v1\/entries\/insert\/2192\"\r\n\t\t\tdata-wp-nonce=\"b210bb4166\"\r\n\t\t\tdata-form-nonce=\"b98f0479ab\"\r\n\t\t\tdata-quiz-summery = \"false\"\r\n\t\t\tdata-save-progress = \"false\"\r\n\t\t\tdata-form-type=\"general-form\"\r\n\t\t\tdata-stop-vertical-effect=\"\"\r\n\t\t\t><\/div>\r\n\r\n\r\n\t\t<!----------------------------- \r\n\t\t\t* controls_data : find the the props passed indie of data attribute\r\n\t\t\t* props.SubmitResponseMarkup : contains the markup of error or success message\r\n\t\t\t* https:\/\/developer.mozilla.org\/en-US\/docs\/Web\/JavaScript\/Reference\/Template_literals\r\n\t\t--------------------------- -->\r\n\r\n\t\t\t\t<script type=\"text\/mf\" class=\"mf-template\">\r\n\t\t\tfunction controls_data (value){\r\n\t\t\t\tlet currentWrapper = \"mf-response-props-id-2192\";\r\n\t\t\t\tlet currentEl = document.getElementById(currentWrapper);\r\n\t\t\t\t\r\n\t\t\t\treturn currentEl ? currentEl.dataset[value] : false\r\n\t\t\t}\r\n\r\n\r\n\t\t\tlet is_edit_mode = '' ? true : false;\r\n\t\t\tlet message_position = controls_data('messageposition') || 'top';\r\n\r\n\t\t\t\r\n\t\t\tlet message_successIcon = controls_data('successicon') || '';\r\n\t\t\tlet message_errorIcon = controls_data('erroricon') || '';\r\n\t\t\tlet message_editSwitch = controls_data('editswitchopen') === 'yes' ? true : false;\r\n\t\t\tlet message_proClass = controls_data('editswitchopen') === 'yes' ? 'mf_pro_activated' : '';\r\n\t\t\t\r\n\t\t\tlet is_dummy_markup = is_edit_mode && message_editSwitch ? true : false;\r\n\r\n\t\t\t\r\n\t\t\treturn html`\r\n\t\t\t\t<form\r\n\t\t\t\t\tclassName=\"metform-form-content\"\r\n\t\t\t\t\tref=${parent.formContainerRef}\r\n\t\t\t\t\tonSubmit=${ validation.handleSubmit( parent.handleFormSubmit ) }\r\n\t\t\t\t\r\n\t\t\t\t\t>\r\n\t\t\t\r\n\t\t\t\r\n\t\t\t\t\t${is_dummy_markup ? message_position === 'top' ?  props.ResponseDummyMarkup(message_successIcon, message_proClass) : '' : ''}\r\n\t\t\t\t\t${is_dummy_markup ? ' ' :  message_position === 'top' ? props.SubmitResponseMarkup`${parent}${state}${message_successIcon}${message_errorIcon}${message_proClass}` : ''}\r\n\r\n\t\t\t\t\t<!--------------------------------------------------------\r\n\t\t\t\t\t*** IMPORTANT \/ DANGEROUS ***\r\n\t\t\t\t\t${html``} must be used as in immediate child of \"metform-form-main-wrapper\"\r\n\t\t\t\t\tclass otherwise multistep form will not run at all\r\n\t\t\t\t\t---------------------------------------------------------->\r\n\r\n\t\t\t\t\t<div className=\"metform-form-main-wrapper\" key=${'hide-form-after-submit'} ref=${parent.formRef}>\r\n\t\t\t\t\t${html`\r\n\t\t\t\t\t\t\t\t<div data-elementor-type=\"wp-post\" key=\"2\" data-elementor-id=\"2192\" className=\"elementor elementor-2192\" data-elementor-post-type=\"metform-form\">\n\t\t\t\t<div className=\"elementor-element elementor-element-7b16fa98 e-con-full e-flex sc_layouts_column_icons_position_left e-con e-parent\" data-id=\"7b16fa98\" data-element_type=\"container\">\n\t\t<div className=\"elementor-element elementor-element-582f4b30 e-con-full e-flex sc_layouts_column_icons_position_left e-con e-child\" data-id=\"582f4b30\" data-element_type=\"container\">\n\t\t\t\t<div className=\"elementor-element elementor-element-19d034f0 elementor-widget__width-initial sc_fly_static elementor-widget elementor-widget-mf-text\" data-id=\"19d034f0\" data-element_type=\"widget\" data-settings=\"{&quot;mf_input_name&quot;:&quot;mf-name&quot;}\" data-widget_type=\"mf-text.default\">\n\t\t\t\t<div className=\"elementor-widget-container\">\n\t\t\t\t\t\r\n\t\t<div className=\"mf-input-wrapper\">\r\n\t\t\t\t\t\t\t<label className=\"mf-input-label\" htmlFor=\"mf-input-text-19d034f0\">\r\n\t\t\t\t\t${ parent.decodeEntities(`Ad\u0131n\u0131z Soyad\u0131n\u0131z`) } \t\t\t\t\t<span className=\"mf-input-required-indicator\">*<\/span>\r\n\t\t\t\t<\/label>\r\n\t\t\t\r\n\t\t\t<input\r\n\t\t\t\ttype=\"text\"\r\n\t\t\t\tclassName=\"mf-input \"\r\n\t\t\t\tid=\"mf-input-text-19d034f0\"\r\n\t\t\t\tname=\"mf-name\"\r\n\t\t\t\tplaceholder=\"${ parent.decodeEntities(``) } \"\r\n\t\t\t\t\t\t\t\t\tonInput=${parent.handleChange}\r\n\t\t\t\t\tonBlur=${parent.handleChange}\r\n\t\t\t\t\taria-invalid=${validation.errors['mf-name'] ? 'true' : 'false'}\r\n\t\t\t\t\tref=${el =>{\r\n\t\t\t\t\t\t\t\t\t\t\t\tparent.activateValidation({\"message\":\"This field is required.\",\"minLength\":1,\"maxLength\":\"\",\"type\":\"none\",\"required\":true,\"expression\":\"null\"}, el)\r\n\t\t\t\t\t}}\r\n\t\t\t\t\t\t\t\t\/>\r\n\r\n\t\t\t\t\t\t\t<${validation.ErrorMessage}\r\n\t\t\t\t\terrors=${validation.errors}\r\n\t\t\t\t\tname=\"mf-name\"\r\n\t\t\t\t\tas=${html`<span className=\"mf-error-message\"><\/span>`}\r\n\t\t\t\t\t\/>\r\n\t\t\t\r\n\t\t\t\t\t<\/div>\r\n\r\n\t\t\t\t\t\t<\/div>\n\t\t\t\t<\/div>\n\t\t\t\t<div className=\"elementor-element elementor-element-208b034b elementor-widget__width-initial sc_fly_static elementor-widget elementor-widget-mf-email\" data-id=\"208b034b\" data-element_type=\"widget\" data-settings=\"{&quot;mf_input_name&quot;:&quot;mf-email&quot;}\" data-widget_type=\"mf-email.default\">\n\t\t\t\t<div className=\"elementor-widget-container\">\n\t\t\t\t\t\r\n\t\t<div className=\"mf-input-wrapper\">\r\n\t\t\t\t\t\t\t<label className=\"mf-input-label\" htmlFor=\"mf-input-email-208b034b\">\r\n\t\t\t\t\t${ parent.decodeEntities(`E-posta Adresiniz`) } \t\t\t\t\t<span className=\"mf-input-required-indicator\">*<\/span>\r\n\t\t\t\t<\/label>\r\n\t\t\t\r\n\t\t\t<input \r\n\t\t\t\ttype=\"email\" \r\n\t\t\t\t \r\n\t\t\t\tdefaultValue=\"\" \r\n\t\t\t\tclassName=\"mf-input \" \r\n\t\t\t\tid=\"mf-input-email-208b034b\" \r\n\t\t\t\tname=\"mf-email\" \r\n\t\t\t\tplaceholder=\"${ parent.decodeEntities(``) } \" \r\n\t\t\t\t \r\n\t\t\t\tonBlur=${parent.handleChange} onFocus=${parent.handleChange} aria-invalid=${validation.errors['mf-email'] ? 'true' : 'false' } \r\n\t\t\t\tref=${el=> parent.activateValidation({\"message\":\"This field is required.\",\"emailMessage\":\"Please enter a valid Email address\",\"minLength\":1,\"maxLength\":\"\",\"type\":\"none\",\"required\":true,\"expression\":\"null\"}, el)}\r\n\t\t\t\t\t\t\t\/>\r\n\r\n\t\t\t\t\t\t<${validation.ErrorMessage} \r\n\t\t\t\terrors=${validation.errors} \r\n\t\t\t\tname=\"mf-email\" \r\n\t\t\t\tas=${html`<span className=\"mf-error-message\"><\/span>`}\r\n\t\t\t\/>\r\n\t\t\t\r\n\t\t\t\t\t<\/div>\r\n\r\n\t\t\t\t<\/div>\n\t\t\t\t<\/div>\n\t\t\t\t<\/div>\n\t\t\t\t<div className=\"elementor-element elementor-element-67ecc8da sc_fly_static elementor-widget elementor-widget-mf-telephone\" data-id=\"67ecc8da\" data-element_type=\"widget\" data-settings=\"{&quot;mf_input_name&quot;:&quot;mf-phone&quot;}\" data-widget_type=\"mf-telephone.default\">\n\t\t\t\t<div className=\"elementor-widget-container\">\n\t\t\t\t\t\n\t\t<div className=\"mf-input-wrapper\">\n\t\t\t\t\t\t\t<label className=\"mf-input-label\" htmlFor=\"mf-input-telephone-67ecc8da\">\n\t\t\t\t\t${ parent.decodeEntities(`Telefon Numaran\u0131z`) } \t\t\t\t\t<span className=\"mf-input-required-indicator\"><\/span>\n\t\t\t\t<\/label>\n\t\t\t\n\t\t\t<input\n\t\t\t\ttype=\"tel\"\n\t\t\t\tclassName=\"mf-input \"\n\t\t\t\tid=\"mf-input-telephone-67ecc8da\" \n\t\t\t\tname=\"mf-phone\"\n\t\t\t\tplaceholder=\"${ parent.decodeEntities(``) } \"\n\t\t\t\t\t\t\t\t\tonInput=${parent.handleChange}\n\t\t\t\t\taria-invalid=${validation.errors['mf-phone'] ? 'true' : 'false'}\n\t\t\t\t\tref=${el => parent.activateValidation({\"message\":\"This field is required.\",\"minLength\":1,\"maxLength\":\"\",\"type\":\"none\",\"required\":false,\"expression\":\"null\"}, el)}\n\t\t\t\t\t\t\t\t\/>\n\t\t\t\n\t\t\t\t\t\t\t<${validation.ErrorMessage}\n\t\t\t\t\terrors=${validation.errors}\n\t\t\t\t\tname=\"mf-phone\"\n\t\t\t\t\tas=${html`<span className=\"mf-error-message\"><\/span>`}\n\t\t\t\t\t\/>\n\t\t\t\n\t\t\t\n\t\t<\/div>\n\n\t\t\t\t\t\t<\/div>\n\t\t\t\t<\/div>\n\t\t<div className=\"elementor-element elementor-element-6b1e4ea2 e-con-full e-flex sc_layouts_column_icons_position_left e-con e-child\" data-id=\"6b1e4ea2\" data-element_type=\"container\">\n\t\t\t\t<div className=\"elementor-element elementor-element-7bca5268 sc_fly_static elementor-widget elementor-widget-mf-textarea\" data-id=\"7bca5268\" data-element_type=\"widget\" data-settings=\"{&quot;mf_input_name&quot;:&quot;mf-message&quot;}\" data-widget_type=\"mf-textarea.default\">\n\t\t\t\t<div className=\"elementor-widget-container\">\n\t\t\t\t\t\r\n\t\t<div className=\"mf-input-wrapper\">\r\n\t\t\t\t\t\t\t<label className=\"mf-input-label\" htmlFor=\"mf-input-text-area-7bca5268\">\r\n\t\t\t\t\t${ parent.decodeEntities(`Mesaj\u0131n\u0131z`) } \t\t\t\t\t<span className=\"mf-input-required-indicator\"><\/span>\r\n\t\t\t\t<\/label>\r\n\t\t\t\r\n\t\t\t<textarea className=\"mf-input mf-textarea \" id=\"mf-input-text-area-7bca5268\"\r\n\t\t\t\tname=\"mf-message\" \r\n\t\t\t\tplaceholder=\"${ parent.decodeEntities(``) } \"\r\n\t\t\t\tcols=\"30\" rows=\"10\"\r\n\t\t\t\t\t\t\t\t\tonInput=${ parent.handleChange }\r\n\t\t\t\t\taria-invalid=${validation.errors['mf-message'] ? 'true' : 'false'}\r\n\t\t\t\t\tref=${ el => parent.activateValidation({\"message\":\"This field is required.\",\"minLength\":1,\"maxLength\":\"\",\"type\":\"none\",\"required\":false,\"expression\":\"null\"}, el)}\r\n\t\t\t\t\t\t\t\t><\/textarea>\r\n\r\n\t\t\t\t\t\t\t<${validation.ErrorMessage}\r\n\t\t\t\t\terrors=${validation.errors}\r\n\t\t\t\t\tname=\"mf-message\"\r\n\t\t\t\t\tas=${html`<span className=\"mf-error-message\"><\/span>`}\r\n\t\t\t\t\t\/>\r\n\t\t\t\t\t\t\t\t<\/div>\r\n\r\n\t\t\t\t\t\t<\/div>\n\t\t\t\t<\/div>\n\t\t\t\t<div className=\"elementor-element elementor-element-4b55caba sc_fly_static elementor-widget elementor-widget-mf-gdpr-consent\" data-id=\"4b55caba\" data-element_type=\"widget\" data-settings=\"{&quot;mf_input_name&quot;:&quot;mf-gdpr-consent&quot;}\" data-widget_type=\"mf-gdpr-consent.default\">\n\t\t\t\t<div className=\"elementor-widget-container\">\n\t\t\t\t\t\n\t\t<div className=\"mf-input-wrapper\">\n\t\t\t\n\t\t\t<div className=\"mf-checkbox multi-option-input-type\" id=\"mf-input-gdpr-4b55caba\">\n\t\t\t\t<div className=\"mf-checkbox-option\">\n\t\t\t\t\t<label>\n\t\t\t\t\t\t\t\t\t\t\t\t<input\n\t\t\t\t\t\t\ttype=\"checkbox\"\n\t\t\t\t\t\t\tclassName=\"mf-input mf-checkbox-input \"\n\t\t\t\t\t\t\tname=\"mf-gdpr-consent\"\n\t\t\t\t\t\t\t\t\t\t\t\t\t\t\tonInput=${ parent.handleOptin }\n\t\t\t\t\t\t\t\taria-invalid=${validation.errors['mf-gdpr-consent'] ? 'true' : 'false'}\n\t\t\t\t\t\t\t\tref=${ el => parent.activateValidation({\"message\":\"This field is required.\",\"minLength\":1,\"maxLength\":\"\",\"type\":\"none\",\"required\":true,\"expression\":\"null\"}, el) }\n\t\t\t\t\t\t\t\t\t\t\t\t\t\t\/>\n\t\t\t\t\t\t<span>\n\t\t\t\t\t\t\tG\u00f6nderdi\u011fim verilerin <a href=\"\u2018\/privacy-policy\/\u2019\">toplanmas\u0131n\u0131 ve saklanmas\u0131n\u0131<\/a> kabul ediyorum.\t\t\t\t\t\t<\/span>\n\t\t\t\t\t<\/label>\n\t\t\t\t<\/div>\n\t\t\t<\/div>\n\n\t\t\t\t\t\t\t<${validation.ErrorMessage}\n\t\t\t\t\terrors=${validation.errors}\n\t\t\t\t\tname=\"mf-gdpr-consent\"\n\t\t\t\t\tas=${html`<span className=\"mf-error-message\"><\/span>`}\n\t\t\t\t\t\/>\n\t\t\t\n\t\t\t\t\t<\/div>\n\n\t\t\t\t\t\t<\/div>\n\t\t\t\t<\/div>\n\t\t\t\t<\/div>\n\t\t\t\t<\/div>\n\t\t<div className=\"elementor-element elementor-element-3eabd92 e-flex e-con-boxed sc_layouts_column_icons_position_left e-con e-parent\" data-id=\"3eabd92\" data-element_type=\"container\">\n\t\t\t\t\t<div className=\"e-con-inner\">\n\t\t<div className=\"elementor-element elementor-element-7945b93 e-con-full e-flex sc_layouts_column_icons_position_left e-con e-child\" data-id=\"7945b93\" data-element_type=\"container\">\n\t\t\t\t<div className=\"elementor-element elementor-element-36145945 sc_fly_static elementor-widget elementor-widget-mf-button\" data-id=\"36145945\" data-element_type=\"widget\" data-widget_type=\"mf-button.default\">\n\t\t\t\t<div className=\"elementor-widget-container\">\n\t\t\t\t\t\t\t<div className=\"mf-btn-wraper \" data-mf-form-conditional-logic-requirement=\"\">\r\n\t\t\t\t\t\t\t<button type=\"submit\" className=\"metform-btn metform-submit-btn \" id=\"\">\r\n\t\t\t\t\t<span>${ parent.decodeEntities(`G\u00f6nder`) } <\/span>\r\n\t\t\t\t<\/button>\r\n\t\t\t        <\/div>\r\n        \t\t\t\t<\/div>\n\t\t\t\t<\/div>\n\t\t\t\t<\/div>\n\t\t<div className=\"elementor-element elementor-element-188c6ab e-con-full e-flex sc_layouts_column_icons_position_left e-con e-child\" data-id=\"188c6ab\" data-element_type=\"container\">\n\t\t\t\t<div className=\"elementor-element elementor-element-6a951f2 sc_fly_static elementor-widget elementor-widget-mf-recaptcha\" data-id=\"6a951f2\" data-element_type=\"widget\" data-widget_type=\"mf-recaptcha.default\">\n\t\t\t\t<div className=\"elementor-widget-container\">\n\t\t\t\t\t\t\t<div className=\"mf-input-wrapper\">\n\t\t\t\t\t\t\t\t\n\t\t\t\t\t<div id=\"recaptcha_site_key_v3\" data-sitekey=\"6LcSNssrAAAAAOCQ82R7vL6btF28Nc2qIphswx3i\"  className=\"recaptcha_site_key_v3 \">\n\t\t\t\t\t\t<input type=\"hidden\" className=\"g-recaptcha-response-v3\" name=\"g-recaptcha-response-v3\" \/>\n\t\t\t\t\t<\/div>\n\t\t\t\t\t\n\t\t\t\t\t\t\t<\/div>\n\n\t\t\t\t\t\t<\/div>\n\t\t\t\t<\/div>\n\t\t\t\t<\/div>\n\t\t\t\t\t<\/div>\n\t\t\t\t<\/div>\n\t\t\t\t<\/div>\n\t\t\t\t\t\t\t`}\r\n\t\t\t\t\t<\/div>\r\n\r\n\t\t\t\t\t${is_dummy_markup ? message_position === 'bottom' ? props.ResponseDummyMarkup(message_successIcon, message_proClass) : '' : ''}\r\n\t\t\t\t\t${is_dummy_markup ? ' ' : message_position === 'bottom' ? props.SubmitResponseMarkup`${parent}${state}${message_successIcon}${message_errorIcon}${message_proClass}` : ''}\r\n\t\t\t\t\r\n\t\t\t\t<\/form>\r\n\t\t\t`\r\n\t\t<\/script>\r\n\r\n\t\t\t\t\t<\/div>\n\t\t<\/div>\n\t\t<\/div>\t\t\t\t<\/div>\n\t\t\t\t<\/div>\n\t\t\t\t<\/div>\n\t\t\t\t<\/div>\n\t\t\t\t\t<\/div>\n\t\t\t\t<\/div>\n\t\t\t\t<\/div>\n\t\t","protected":false},"excerpt":{"rendered":"<p>\u0647\u0644 \u0644\u062f\u064a\u0643 \u0623\u0633\u0626\u0644\u0629\u061f \u0627\u0643\u062a\u0628 \u0644\u0646\u0627 \u0646\u062d\u0646 \u0647\u0646\u0627 \u0644\u0645\u0633\u0627\u0639\u062f\u062a\u0643 \u0641\u064a \u0623\u064a \u0627\u0633\u062a\u0641\u0633\u0627\u0631. \u0644\u0627 \u062a\u062a\u0631\u062f\u062f&hellip;<\/p>\n","protected":false},"author":1,"featured_media":0,"parent":0,"menu_order":0,"comment_status":"closed","ping_status":"closed","template":"","meta":{"footnotes":""},"class_list":["post-3852","page","type-page","status-publish","hentry"],"_links":{"self":[{"href":"https:\/\/ziyatalha.com.tr\/ar\/wp-json\/wp\/v2\/pages\/3852","targetHints":{"allow":["GET"]}}],"collection":[{"href":"https:\/\/ziyatalha.com.tr\/ar\/wp-json\/wp\/v2\/pages"}],"about":[{"href":"https:\/\/ziyatalha.com.tr\/ar\/wp-json\/wp\/v2\/types\/page"}],"author":[{"embeddable":true,"href":"https:\/\/ziyatalha.com.tr\/ar\/wp-json\/wp\/v2\/users\/1"}],"replies":[{"embeddable":true,"href":"https:\/\/ziyatalha.com.tr\/ar\/wp-json\/wp\/v2\/comments?post=3852"}],"version-history":[{"count":2,"href":"https:\/\/ziyatalha.com.tr\/ar\/wp-json\/wp\/v2\/pages\/3852\/revisions"}],"predecessor-version":[{"id":3856,"href":"https:\/\/ziyatalha.com.tr\/ar\/wp-json\/wp\/v2\/pages\/3852\/revisions\/3856"}],"wp:attachment":[{"href":"https:\/\/ziyatalha.com.tr\/ar\/wp-json\/wp\/v2\/media?parent=3852"}],"curies":[{"name":"wp","href":"https:\/\/api.w.org\/{rel}","templated":true}]}}