{"id":3858,"date":"2024-10-17T14:11:40","date_gmt":"2024-10-17T14:11:40","guid":{"rendered":"https:\/\/ziyatalha.com.tr\/about-us\/"},"modified":"2025-09-18T09:25:56","modified_gmt":"2025-09-18T09:25:56","slug":"about-us","status":"publish","type":"page","link":"https:\/\/ziyatalha.com.tr\/en\/about-us\/","title":{"rendered":"About Us"},"content":{"rendered":"\t\t<div data-elementor-type=\"wp-page\" data-elementor-id=\"3858\" class=\"elementor elementor-3858 elementor-3051\" data-elementor-post-type=\"page\">\n\t\t\t\t<div class=\"elementor-element elementor-element-71a9ddc9 e-flex e-con-boxed sc_layouts_column_icons_position_left e-con e-parent\" data-id=\"71a9ddc9\" data-element_type=\"container\" data-settings=\"{&quot;background_background&quot;:&quot;classic&quot;}\">\n\t\t\t\t\t<div class=\"e-con-inner\">\n\t\t<div data-animation-type=\"block\" class=\"elementor-element elementor-element-3e24820c e-con-full e-flex sc_layouts_column_icons_position_left animation_type_block elementor-invisible e-con e-child\" data-id=\"3e24820c\" data-element_type=\"container\" data-settings=\"{&quot;animation&quot;:&quot;ta_fadeinup&quot;}\">\n\t\t\t\t<div class=\"elementor-element elementor-element-12057b54 sc_fly_static elementor-widget elementor-widget-image\" data-id=\"12057b54\" data-element_type=\"widget\" data-widget_type=\"image.default\">\n\t\t\t\t<div class=\"elementor-widget-container\">\n\t\t\t\t\t\t\t\t\t\t\t\t\t\t\t<img decoding=\"async\" src=\"https:\/\/ziyatalha.com.tr\/wp-content\/uploads\/2025\/07\/ztpharma-uretim-1.jpg\" title=\"\" alt=\"\" loading=\"lazy\" \/>\t\t\t\t\t\t\t\t\t\t\t\t\t\t\t<\/div>\n\t\t\t\t<\/div>\n\t\t\t\t<\/div>\n\t\t<div class=\"elementor-element elementor-element-4451f1e0 e-con-full e-flex sc_layouts_column_icons_position_left e-con e-child\" data-id=\"4451f1e0\" data-element_type=\"container\">\n\t\t<div data-animation-type=\"block\" class=\"elementor-element elementor-element-648d7374 e-con-full e-flex sc_layouts_column_icons_position_left animation_type_block elementor-invisible e-con e-child\" data-id=\"648d7374\" data-element_type=\"container\" data-settings=\"{&quot;animation&quot;:&quot;ta_fadeinup&quot;,&quot;animation_delay&quot;:100}\">\n\t\t\t\t<div class=\"elementor-element elementor-element-6694760b sc_fly_static elementor-widget elementor-widget-heading\" data-id=\"6694760b\" data-element_type=\"widget\" data-widget_type=\"heading.default\">\n\t\t\t\t<div class=\"elementor-widget-container\">\n\t\t\t\t\t<h1 class=\"elementor-heading-title elementor-size-default\">about us<\/h1>\t\t\t\t<\/div>\n\t\t\t\t<\/div>\n\t\t\t\t<div class=\"elementor-element elementor-element-1165b824 sc_fly_static elementor-widget elementor-widget-text-editor\" data-id=\"1165b824\" data-element_type=\"widget\" data-widget_type=\"text-editor.default\">\n\t\t\t\t<div class=\"elementor-widget-container\">\n\t\t\t\t\t\t\t\t\t<p>Located in Ata\u015fehir, Istanbul, Ziya Talha \u0130la\u00e7 (ZTPharma) has been operating in the health and cosmetics sector for over 15 years and is among Turkey&#8217;s leading companies in its field.<\/p>\t\t\t\t\t\t\t\t<\/div>\n\t\t\t\t<\/div>\n\t\t\t\t<\/div>\n\t\t\t\t<\/div>\n\t\t\t\t\t<\/div>\n\t\t\t\t<\/div>\n\t\t<div class=\"elementor-element elementor-element-24b673e0 e-flex e-con-boxed sc_layouts_column_icons_position_left e-con e-parent\" data-id=\"24b673e0\" data-element_type=\"container\" data-settings=\"{&quot;background_background&quot;:&quot;classic&quot;}\">\n\t\t\t\t\t<div class=\"e-con-inner\">\n\t\t<div class=\"e-con-gap-no elementor-element elementor-element-376234d7 e-con-full e-flex sc_layouts_column_icons_position_left e-con e-child\" data-id=\"376234d7\" data-element_type=\"container\">\n\t\t<div data-animation-type=\"block\" class=\"elementor-element elementor-element-3bbbb826 e-con-full e-flex sc_layouts_column_icons_position_left animation_type_block elementor-invisible e-con e-child\" data-id=\"3bbbb826\" data-element_type=\"container\" data-settings=\"{&quot;animation&quot;:&quot;ta_fadeinup&quot;,&quot;animation_delay&quot;:100}\">\n\t\t\t\t<div class=\"elementor-element elementor-element-3a304f84 elementor-widget__width-initial sc_fly_static elementor-widget elementor-widget-text-editor\" data-id=\"3a304f84\" data-element_type=\"widget\" data-widget_type=\"text-editor.default\">\n\t\t\t\t<div class=\"elementor-widget-container\">\n\t\t\t\t\t\t\t\t\t<p>Our company operates primarily in Turkey, as well as in Turkic Republics, Europe, Russia, the Middle East, and North Africa, providing Private Label (contract manufacturing) services and consultancy to pharmaceutical companies, cosmetics companies, e-commerce companies, pharmaceutical warehouses, pharmacies, hospitals, hair transplant centers, aesthetic centers, and beauty centers.<\/p><p>Our company, which prioritizes R and Product Development investments at Istanbul Medipol University Meta Tekmer and our production facility in Istanbul Ata\u015fehir, continues to work on numerous projects to minimize external dependency in its sector.<\/p>\t\t\t\t\t\t\t\t<\/div>\n\t\t\t\t<\/div>\n\t\t\t\t<div data-animation-type=\"block\" class=\"elementor-element elementor-element-532c1ec animation_type_block sc_fly_static elementor-invisible elementor-widget elementor-widget-image\" data-id=\"532c1ec\" data-element_type=\"widget\" data-settings=\"{&quot;_animation&quot;:&quot;ta_fadeinup&quot;,&quot;_animation_delay&quot;:100}\" data-widget_type=\"image.default\">\n\t\t\t\t<div class=\"elementor-widget-container\">\n\t\t\t\t\t\t\t\t\t\t\t\t\t\t\t<img decoding=\"async\" src=\"https:\/\/ziyatalha.com.tr\/wp-content\/uploads\/2025\/07\/ztpharma-uretim-2.webp\" title=\"\" alt=\"\" loading=\"lazy\" \/>\t\t\t\t\t\t\t\t\t\t\t\t\t\t\t<\/div>\n\t\t\t\t<\/div>\n\t\t\t\t<\/div>\n\t\t\t\t<\/div>\n\t\t\t\t\t<\/div>\n\t\t\t\t<\/div>\n\t\t<div class=\"elementor-element elementor-element-2e7c522c e-flex e-con-boxed sc_layouts_column_icons_position_left e-con e-parent\" data-id=\"2e7c522c\" data-element_type=\"container\">\n\t\t\t\t\t<div class=\"e-con-inner\">\n\t\t<div class=\"elementor-element elementor-element-3244919 e-con-full e-flex sc_layouts_column_icons_position_left e-con e-child\" data-id=\"3244919\" data-element_type=\"container\">\n\t\t\t\t<div data-animation-type=\"block\" class=\"elementor-element elementor-element-5c1762d3 animation_type_block sc_fly_static elementor-invisible elementor-widget elementor-widget-heading\" data-id=\"5c1762d3\" data-element_type=\"widget\" data-settings=\"{&quot;_animation&quot;:&quot;ta_fadeinup&quot;}\" data-widget_type=\"heading.default\">\n\t\t\t\t<div class=\"elementor-widget-container\">\n\t\t\t\t\t<h6 class=\"elementor-heading-title elementor-size-default\">Our Vision<\/h6>\t\t\t\t<\/div>\n\t\t\t\t<\/div>\n\t\t\t\t<div data-animation-type=\"block\" class=\"elementor-element elementor-element-459971f8 elementor-widget__width-initial animation_type_block sc_fly_static elementor-invisible elementor-widget elementor-widget-text-editor\" data-id=\"459971f8\" data-element_type=\"widget\" data-settings=\"{&quot;_animation&quot;:&quot;ta_fadeinup&quot;,&quot;_animation_delay&quot;:100}\" data-widget_type=\"text-editor.default\">\n\t\t\t\t<div class=\"elementor-widget-container\">\n\t\t\t\t\t\t\t\t\t<p>Our company is progressing toward becoming one of the leading organizations in the Health and Cosmetics sector:<br>&#8211; Adopts ethical working principles,<br>&#8211; Works with qualified and trained workforce,<br>&#8211; Provides solutions tailored to customer needs,<br>&#8211; Offers high-quality products across a wide range,<br>&#8211; Works to have a vision with advanced environmental awareness.<\/p>\t\t\t\t\t\t\t\t<\/div>\n\t\t\t\t<\/div>\n\t\t\t\t<\/div>\n\t\t<div class=\"elementor-element elementor-element-3199434 e-con-full e-flex sc_layouts_column_icons_position_left e-con e-child\" data-id=\"3199434\" data-element_type=\"container\">\n\t\t\t\t<div data-animation-type=\"block\" class=\"elementor-element elementor-element-461a29f animation_type_block sc_fly_static elementor-invisible elementor-widget elementor-widget-heading\" data-id=\"461a29f\" data-element_type=\"widget\" data-settings=\"{&quot;_animation&quot;:&quot;ta_fadeinup&quot;}\" data-widget_type=\"heading.default\">\n\t\t\t\t<div class=\"elementor-widget-container\">\n\t\t\t\t\t<h6 class=\"elementor-heading-title elementor-size-default\">Our Mission<\/h6>\t\t\t\t<\/div>\n\t\t\t\t<\/div>\n\t\t\t\t<div data-animation-type=\"block\" class=\"elementor-element elementor-element-b848659 elementor-widget__width-initial animation_type_block sc_fly_static elementor-invisible elementor-widget elementor-widget-text-editor\" data-id=\"b848659\" data-element_type=\"widget\" data-settings=\"{&quot;_animation&quot;:&quot;ta_fadeinup&quot;,&quot;_animation_delay&quot;:100}\" data-widget_type=\"text-editor.default\">\n\t\t\t\t<div class=\"elementor-widget-container\">\n\t\t\t\t\t\t\t\t\t<p>&#8211; To adopt healthy and quality life principles,<br>&#8211; To be open to all developments and advancements worldwide,<br>&#8211; To rapidly adapt to all changes,<br>&#8211; To create a professional working environment for employees,<br>&#8211; To maintain uncompromising product quality,<br>&#8211; To prioritize customer satisfaction,<br>&#8211; To utilize resources in Turkey,<br>&#8211; To emphasize long-term strategies by making significant investments in research and development activities.<\/p>\t\t\t\t\t\t\t\t<\/div>\n\t\t\t\t<\/div>\n\t\t\t\t<\/div>\n\t\t<div class=\"elementor-element elementor-element-83e4f0d e-con-full e-flex sc_layouts_column_icons_position_left e-con e-child\" data-id=\"83e4f0d\" data-element_type=\"container\">\n\t\t\t\t<div data-animation-type=\"block\" class=\"elementor-element elementor-element-775e95a animation_type_block sc_fly_static elementor-invisible elementor-widget elementor-widget-heading\" data-id=\"775e95a\" data-element_type=\"widget\" data-settings=\"{&quot;_animation&quot;:&quot;ta_fadeinup&quot;}\" data-widget_type=\"heading.default\">\n\t\t\t\t<div class=\"elementor-widget-container\">\n\t\t\t\t\t<h6 class=\"elementor-heading-title elementor-size-default\">Our Quality Policy<\/h6>\t\t\t\t<\/div>\n\t\t\t\t<\/div>\n\t\t\t\t<div data-animation-type=\"block\" class=\"elementor-element elementor-element-f5774ce elementor-widget__width-initial animation_type_block sc_fly_static elementor-invisible elementor-widget elementor-widget-text-editor\" data-id=\"f5774ce\" data-element_type=\"widget\" data-settings=\"{&quot;_animation&quot;:&quot;ta_fadeinup&quot;,&quot;_animation_delay&quot;:100}\" data-widget_type=\"text-editor.default\">\n\t\t\t\t<div class=\"elementor-widget-container\">\n\t\t\t\t\t\t\t\t\t<p class=\"s7\">In the production of Nutritional Supplements, Sports Nutrition, Sexual Health-Hygiene, and Cosmetic products, and in all other applications, we ensure full compliance with local and international standards and requirements, including ISO, GMP, and HACCP. We serve human health with the highest level of confidence in the quality of our products. We establish, develop, and implement a sustainable quality system by continuously improving our activities at this level through internal\/external audits and training, and by promoting this among our employees.  <\/p>\t\t\t\t\t\t\t\t<\/div>\n\t\t\t\t<\/div>\n\t\t\t\t<\/div>\n\t\t\t\t\t<\/div>\n\t\t\t\t<\/div>\n\t\t<div class=\"elementor-element elementor-element-10a1242f e-con-full e-flex sc_layouts_column_icons_position_left e-con e-parent\" data-id=\"10a1242f\" data-element_type=\"container\" data-settings=\"{&quot;background_background&quot;:&quot;classic&quot;}\">\n\t\t\t\t<div data-animation-type=\"block\" class=\"elementor-element elementor-element-7bf62e08 elementor-widget__width-initial animation_type_block sc_fly_static elementor-invisible elementor-widget elementor-widget-heading\" data-id=\"7bf62e08\" data-element_type=\"widget\" data-settings=\"{&quot;_animation&quot;:&quot;ta_fadeinup&quot;}\" data-widget_type=\"heading.default\">\n\t\t\t\t<div class=\"elementor-widget-container\">\n\t\t\t\t\t<h1 class=\"elementor-heading-title elementor-size-default\">Work with us and let us develop solutions in the shortest time possible<\/h1>\t\t\t\t<\/div>\n\t\t\t\t<\/div>\n\t\t\t\t<div data-animation-type=\"block\" class=\"elementor-element elementor-element-8e6592d animation_type_block sc_fly_static elementor-invisible elementor-widget elementor-widget-button\" data-id=\"8e6592d\" data-element_type=\"widget\" data-settings=\"{&quot;_animation&quot;:&quot;ta_fadeinup&quot;,&quot;_animation_delay&quot;:100}\" data-widget_type=\"button.default\">\n\t\t\t\t<div class=\"elementor-widget-container\">\n\t\t\t\t\t\t\t\t\t<div class=\"elementor-button-wrapper\">\n\t\t\t\t\t<a class=\"elementor-button elementor-button-link elementor-size-sm\" href=\"https:\/\/ziyatalha.com.tr\/hizmetlerimiz\/\">\n\t\t\t\t\t\t<span class=\"elementor-button-content-wrapper\">\n\t\t\t\t\t\t\t\t\t<span class=\"elementor-button-text\">Our Services<\/span>\n\t\t\t\t\t<\/span>\n\t\t\t\t\t<\/a>\n\t\t\t\t<\/div>\n\t\t\t\t\t\t\t\t<\/div>\n\t\t\t\t<\/div>\n\t\t\t\t<\/div>\n\t\t\t\t<\/div>\n\t\t","protected":false},"excerpt":{"rendered":"<p>about us Located in Ata\u015fehir, Istanbul, Ziya Talha \u0130la\u00e7 (ZTPharma) has been operating&hellip;<\/p>\n","protected":false},"author":1,"featured_media":0,"parent":0,"menu_order":0,"comment_status":"closed","ping_status":"closed","template":"","meta":{"footnotes":""},"class_list":["post-3858","page","type-page","status-publish","hentry"],"_links":{"self":[{"href":"https:\/\/ziyatalha.com.tr\/en\/wp-json\/wp\/v2\/pages\/3858","targetHints":{"allow":["GET"]}}],"collection":[{"href":"https:\/\/ziyatalha.com.tr\/en\/wp-json\/wp\/v2\/pages"}],"about":[{"href":"https:\/\/ziyatalha.com.tr\/en\/wp-json\/wp\/v2\/types\/page"}],"author":[{"embeddable":true,"href":"https:\/\/ziyatalha.com.tr\/en\/wp-json\/wp\/v2\/users\/1"}],"replies":[{"embeddable":true,"href":"https:\/\/ziyatalha.com.tr\/en\/wp-json\/wp\/v2\/comments?post=3858"}],"version-history":[{"count":2,"href":"https:\/\/ziyatalha.com.tr\/en\/wp-json\/wp\/v2\/pages\/3858\/revisions"}],"predecessor-version":[{"id":3861,"href":"https:\/\/ziyatalha.com.tr\/en\/wp-json\/wp\/v2\/pages\/3858\/revisions\/3861"}],"wp:attachment":[{"href":"https:\/\/ziyatalha.com.tr\/en\/wp-json\/wp\/v2\/media?parent=3858"}],"curies":[{"name":"wp","href":"https:\/\/api.w.org\/{rel}","templated":true}]}}